{"id":107,"date":"2017-11-15T19:14:19","date_gmt":"2017-11-15T19:14:19","guid":{"rendered":"http:\/\/goteborgcurling.se\/mixeddubbel\/?page_id=107"},"modified":"2017-11-15T19:38:28","modified_gmt":"2017-11-15T19:38:28","slug":"hitta-till-hallen","status":"publish","type":"page","link":"https:\/\/goteborgcurling.se\/mixeddubbel\/praktiskt\/hitta-till-hallen\/","title":{"rendered":"Hitta till hallen"},"content":{"rendered":"<h4>Med bil<\/h4>\n<p>K\u00f6r mot Norra \u00c4lvstranden \u2013 Lindholmen. F\u00f6lj skyltarna Lundbystrandshallen &amp; SVT \u2013 SR och k\u00f6r mot\u00a0TV-huset. Vik av mot Pumpgatan och f\u00f6lj v\u00e4gen ner mot \u00e4lven till parkeringsplatsen, d\u00e4r den f\u00f6rsta glasentr\u00e9n p\u00e5 h\u00f6gersidan tillh\u00f6r curlinghallen.<\/p>\n<h4>Med buss<\/h4>\n<p>Ta bussen till Pumpgatan och f\u00f6lj v\u00e4gen f\u00f6rbi TV-huset ner mot varvet, curlinghallen ligger vid den stora parkeringen framf\u00f6r Lundbystrandshallen.<\/p>\n","protected":false},"excerpt":{"rendered":"<p>Med bil K\u00f6r mot Norra \u00c4lvstranden \u2013 Lindholmen. F\u00f6lj skyltarna Lundbystrandshallen &amp; SVT \u2013 SR och k\u00f6r mot\u00a0TV-huset. Vik av mot Pumpgatan och f\u00f6lj v\u00e4gen ner mot \u00e4lven till parkeringsplatsen, d\u00e4r den f\u00f6rsta glasentr\u00e9n p\u00e5 h\u00f6gersidan tillh\u00f6r curlinghallen. Med buss Ta bussen till Pumpgatan och f\u00f6lj v\u00e4gen f\u00f6rbi TV-huset ner mot varvet, curlinghallen ligger vid &hellip; <\/p>\n<p class=\"link-more\"><a href=\"https:\/\/goteborgcurling.se\/mixeddubbel\/praktiskt\/hitta-till-hallen\/\" class=\"more-link\">Forts\u00e4tt l\u00e4sa<span class=\"screen-reader-text\"> \u201dHitta till hallen\u201d<\/span><\/a><\/p>\n","protected":false},"author":3,"featured_media":111,"parent":17,"menu_order":0,"comment_status":"closed","ping_status":"closed","template":"","meta":[],"_links":{"self":[{"href":"https:\/\/goteborgcurling.se\/mixeddubbel\/wp-json\/wp\/v2\/pages\/107"}],"collection":[{"href":"https:\/\/goteborgcurling.se\/mixeddubbel\/wp-json\/wp\/v2\/pages"}],"about":[{"href":"https:\/\/goteborgcurling.se\/mixeddubbel\/wp-json\/wp\/v2\/types\/page"}],"author":[{"embeddable":true,"href":"https:\/\/goteborgcurling.se\/mixeddubbel\/wp-json\/wp\/v2\/users\/3"}],"replies":[{"embeddable":true,"href":"https:\/\/goteborgcurling.se\/mixeddubbel\/wp-json\/wp\/v2\/comments?post=107"}],"version-history":[{"count":2,"href":"https:\/\/goteborgcurling.se\/mixeddubbel\/wp-json\/wp\/v2\/pages\/107\/revisions"}],"predecessor-version":[{"id":110,"href":"https:\/\/goteborgcurling.se\/mixeddubbel\/wp-json\/wp\/v2\/pages\/107\/revisions\/110"}],"up":[{"embeddable":true,"href":"https:\/\/goteborgcurling.se\/mixeddubbel\/wp-json\/wp\/v2\/pages\/17"}],"wp:featuredmedia":[{"embeddable":true,"href":"https:\/\/goteborgcurling.se\/mixeddubbel\/wp-json\/wp\/v2\/media\/111"}],"wp:attachment":[{"href":"https:\/\/goteborgcurling.se\/mixeddubbel\/wp-json\/wp\/v2\/media?parent=107"}],"curies":[{"name":"wp","href":"https:\/\/api.w.org\/{rel}","templated":true}]}}