{"id":69,"date":"2017-11-13T12:01:22","date_gmt":"2017-11-13T12:01:22","guid":{"rendered":"http:\/\/goteborgcurling.se\/mixeddubbel\/?page_id=69"},"modified":"2017-11-18T21:06:45","modified_gmt":"2017-11-18T21:06:45","slug":"organisationen","status":"publish","type":"page","link":"https:\/\/goteborgcurling.se\/mixeddubbel\/organisationen\/","title":{"rendered":"Organisationen"},"content":{"rendered":"<p>SM i Mixed Dubbel arrangeras av G\u00f6teborgs Curlingklubb vars SM-kommitt\u00e9 best\u00e5r av;<br \/>\nAnders Pettersson, ordf\u00f6rande i GCK och \u00d6verledare MD-SM.<br \/>\nFabian Wingfors, t\u00e4vlingsansvarig styrelseledamot i GCK<br \/>\nAnders Lindgren, isansvarig i styrelsen och under SM.<br \/>\nHenrik Alstersj\u00f6, mediaansvarig m.m. f\u00f6r MD-SM.<br \/>\nHenrik Kahl, teknisk expert f\u00f6r webbs\u00e4ndningar<br \/>\nTorvald Spiik, T\u00e4vlingsledare<\/p>\n<p>&nbsp;<\/p>\n","protected":false},"excerpt":{"rendered":"<p>SM i Mixed Dubbel arrangeras av G\u00f6teborgs Curlingklubb vars SM-kommitt\u00e9 best\u00e5r av; Anders Pettersson, ordf\u00f6rande i GCK och \u00d6verledare MD-SM. Fabian Wingfors, t\u00e4vlingsansvarig styrelseledamot i GCK Anders Lindgren, isansvarig i styrelsen och under SM. Henrik Alstersj\u00f6, mediaansvarig m.m. f\u00f6r MD-SM. Henrik Kahl, teknisk expert f\u00f6r webbs\u00e4ndningar Torvald Spiik, T\u00e4vlingsledare &nbsp;<\/p>\n","protected":false},"author":4,"featured_media":0,"parent":0,"menu_order":0,"comment_status":"closed","ping_status":"closed","template":"","meta":[],"_links":{"self":[{"href":"https:\/\/goteborgcurling.se\/mixeddubbel\/wp-json\/wp\/v2\/pages\/69"}],"collection":[{"href":"https:\/\/goteborgcurling.se\/mixeddubbel\/wp-json\/wp\/v2\/pages"}],"about":[{"href":"https:\/\/goteborgcurling.se\/mixeddubbel\/wp-json\/wp\/v2\/types\/page"}],"author":[{"embeddable":true,"href":"https:\/\/goteborgcurling.se\/mixeddubbel\/wp-json\/wp\/v2\/users\/4"}],"replies":[{"embeddable":true,"href":"https:\/\/goteborgcurling.se\/mixeddubbel\/wp-json\/wp\/v2\/comments?post=69"}],"version-history":[{"count":5,"href":"https:\/\/goteborgcurling.se\/mixeddubbel\/wp-json\/wp\/v2\/pages\/69\/revisions"}],"predecessor-version":[{"id":147,"href":"https:\/\/goteborgcurling.se\/mixeddubbel\/wp-json\/wp\/v2\/pages\/69\/revisions\/147"}],"wp:attachment":[{"href":"https:\/\/goteborgcurling.se\/mixeddubbel\/wp-json\/wp\/v2\/media?parent=69"}],"curies":[{"name":"wp","href":"https:\/\/api.w.org\/{rel}","templated":true}]}}