{"id":7,"date":"2017-09-26T08:07:06","date_gmt":"2017-09-26T08:07:06","guid":{"rendered":"http:\/\/goteborgcurling.se\/mixeddubbel\/?page_id=7"},"modified":"2017-11-09T18:00:18","modified_gmt":"2017-11-09T18:00:18","slug":"anmalda","status":"publish","type":"page","link":"https:\/\/goteborgcurling.se\/mixeddubbel\/anmalda\/","title":{"rendered":"Anm\u00e4lda lag"},"content":{"rendered":"<p><strong>Lag Fransson\/K\u00f6hn<\/strong><br \/>\nCecilia Fransson, Gustav K\u00f6hn<\/p>\n<p><em>Klubb: Skellefte\u00e5 CK, CK Granit<\/em><br \/>\n<em>Meriter Mixed Dubbel: SM 9:a 2016-17<\/em><br \/>\n<em>\u00d6vriga meriter:\u00a0 Totalvinnare av Nordic Junior Curling Tour 2016-17 (Gustav&amp;Cecilia)<\/em><\/p>\n<p><strong>Lag Wendel\/Wingfors<\/strong><br \/>\nMalin Wendel, Fabian Wingfors<\/p>\n<p><em>Klubb: G\u00f6teborgs CK<\/em><br \/>\n<em>Meriter Mixed Dubbel: Elitserien Guld 2017, Norway Open Guld 2017<\/em><br \/>\n<em>\u00d6vriga meriter:\u00a0 Totalvinnare av Nordic Junior Curling Tour 2016-17 (Malin); Junior SM Guld 2016, SM Silver 2017, Junior VM 7:a 2017 (Fabian)<\/em><\/p>\n<p><strong>Lag Lindstr\u00f6m\/Heldin<\/strong><br \/>\nKristian Lindstr\u00f6m, Johanna Heldin<\/p>\n<p><em>Klubb: Sundbyberg CK, IK Fyris<\/em><br \/>\n<em>Meriter Mixed Dubbel: CCT Gefle Mixed Doubles 4:a 2017, SM 5a 2016-17 (Johanna)<\/em><br \/>\n<em>\u00d6vriga meriter:\u00a0 VM Guld 2015, EM Guld 2014, Junior-VM Guld 2011, VM Mixed Silver 2016 (Kristian); VM Silver Mixed 2015 och 2016, Ungdoms-OS 4:a 2012 (Johanna)<\/em><\/p>\n<p><strong>Lag Westman\/Ahlberg<\/strong><br \/>\nTherese Westman, Robin Ahlberg<\/p>\n<p><em>Klubb: IK Fyris, CK Granit<\/em><br \/>\n<em>Meriter Mixed Dubbel: SM 10:a 2016-17<\/em><br \/>\n<em>\u00d6vriga meriter:\u00a0 Junior-SM Guld 2016, Junior-VM 5:a 2016, Elitserien Silver 2017, SM Mixed Silver 2017 (Therese); Junior-SM Brons 2015, SM Mixed Silver 2017 (Robin)<\/em><\/p>\n<p><strong>Lag Wi-Wi<\/strong><br \/>\nLinnea Wikars, Andr\u00e9 Winther<\/p>\n<p><em>Klubb: IK Fyris, G\u00f6teborgs CK<\/em><\/p>\n<p><strong>Lag Carlsson\/Sj\u00f6berg<\/strong><br \/>\nSara Carlsson, Axel Sj\u00f6berg<\/p>\n<p><em>Klubb: Karlstad CK, G\u00f6teborgs CK<\/em><br \/>\n<em>Meriter Mixed Dubbel: Elitserien Brons 2016 &amp; 2017 (Sara); SM 5:a 2016-17, CCT Gefle Mixed Doubles 2017 4:a, Elitserien Brons 2017 (Axel)<\/em><br \/>\n<em>\u00d6vriga meriter:\u00a0 VM 2011 Guld, Junior-VM Silver, SM Guld, Elitserien Guld 2011 (Sara); Junior-VM Silver 2012, Junior-SM Guld 2012 &amp; 2016, SM Silver 2017, SM Figur Guld 2016 (Axel)<\/em><\/p>\n<p><strong>Lag Noreen<\/strong><br \/>\nCamilla Noreen, Per Noreen<\/p>\n<p><em>Klubb: CK Granit<\/em><br \/>\n<em>Meriter Mixed Dubbel: SM Guld 2012, 2014, 2015, VM Silver 2012,2014,2015, Elitserien Guld 2016, Elitserien Silver 2017<\/em><br \/>\n<em>\u00d6vriga meriter:\u00a0 EM Mixed 4:a 2007, SM Guld 2006 (Camilla), SM Figur 9xGuld (Per)<\/em><\/p>\n<p class=\"p1\"><strong>Lag Norrbelius\/Linander<\/strong><br \/>\nInga Norrbelius,\u00a0Lars-\u00c5ke Linander<\/p>\n<p><em>Klubb: Djursholm CK<\/em><\/p>\n","protected":false},"excerpt":{"rendered":"<p>Lag Fransson\/K\u00f6hn Cecilia Fransson, Gustav K\u00f6hn Klubb: Skellefte\u00e5 CK, CK Granit Meriter Mixed Dubbel: SM 9:a 2016-17 \u00d6vriga meriter:\u00a0 Totalvinnare av Nordic Junior Curling Tour 2016-17 (Gustav&amp;Cecilia) Lag Wendel\/Wingfors Malin Wendel, Fabian Wingfors Klubb: G\u00f6teborgs CK Meriter Mixed Dubbel: Elitserien Guld 2017, Norway Open Guld 2017 \u00d6vriga meriter:\u00a0 Totalvinnare av Nordic Junior Curling Tour 2016-17 &hellip; <\/p>\n<p class=\"link-more\"><a href=\"https:\/\/goteborgcurling.se\/mixeddubbel\/anmalda\/\" class=\"more-link\">Forts\u00e4tt l\u00e4sa<span class=\"screen-reader-text\"> \u201dAnm\u00e4lda lag\u201d<\/span><\/a><\/p>\n","protected":false},"author":2,"featured_media":0,"parent":0,"menu_order":0,"comment_status":"closed","ping_status":"closed","template":"","meta":[],"_links":{"self":[{"href":"https:\/\/goteborgcurling.se\/mixeddubbel\/wp-json\/wp\/v2\/pages\/7"}],"collection":[{"href":"https:\/\/goteborgcurling.se\/mixeddubbel\/wp-json\/wp\/v2\/pages"}],"about":[{"href":"https:\/\/goteborgcurling.se\/mixeddubbel\/wp-json\/wp\/v2\/types\/page"}],"author":[{"embeddable":true,"href":"https:\/\/goteborgcurling.se\/mixeddubbel\/wp-json\/wp\/v2\/users\/2"}],"replies":[{"embeddable":true,"href":"https:\/\/goteborgcurling.se\/mixeddubbel\/wp-json\/wp\/v2\/comments?post=7"}],"version-history":[{"count":6,"href":"https:\/\/goteborgcurling.se\/mixeddubbel\/wp-json\/wp\/v2\/pages\/7\/revisions"}],"predecessor-version":[{"id":61,"href":"https:\/\/goteborgcurling.se\/mixeddubbel\/wp-json\/wp\/v2\/pages\/7\/revisions\/61"}],"wp:attachment":[{"href":"https:\/\/goteborgcurling.se\/mixeddubbel\/wp-json\/wp\/v2\/media?parent=7"}],"curies":[{"name":"wp","href":"https:\/\/api.w.org\/{rel}","templated":true}]}}