{"id":9,"date":"2017-09-26T08:07:23","date_gmt":"2017-09-26T08:07:23","guid":{"rendered":"http:\/\/goteborgcurling.se\/mixeddubbel\/?page_id=9"},"modified":"2017-12-01T15:49:13","modified_gmt":"2017-12-01T15:49:13","slug":"spelschema","status":"publish","type":"page","link":"https:\/\/goteborgcurling.se\/mixeddubbel\/spelschema\/","title":{"rendered":"Spelschema"},"content":{"rendered":"<p>T\u00e4vlingen spelas i en grupp om 8 lag d\u00e4r alla m\u00f6ter alla i en enkelserie. De fyra fr\u00e4msta lagen g\u00e5r vidare till semifinaler och final. Vid behov spelas s\u00e4rspel. Bana 1 lives\u00e4nds.<\/p>\n<p><img loading=\"lazy\" class=\"alignnone size-full wp-image-132\" src=\"http:\/\/goteborgcurling.se\/mixeddubbel\/wp-content\/uploads\/2017\/11\/Spelschema.jpg\" alt=\"\" width=\"653\" height=\"851\" srcset=\"https:\/\/goteborgcurling.se\/mixeddubbel\/wp-content\/uploads\/2017\/11\/Spelschema.jpg 653w, https:\/\/goteborgcurling.se\/mixeddubbel\/wp-content\/uploads\/2017\/11\/Spelschema-230x300.jpg 230w\" sizes=\"(max-width: 653px) 100vw, 653px\" \/><\/p>\n<p>&nbsp;<\/p>\n<p>&nbsp;<\/p>\n","protected":false},"excerpt":{"rendered":"<p>T\u00e4vlingen spelas i en grupp om 8 lag d\u00e4r alla m\u00f6ter alla i en enkelserie. De fyra fr\u00e4msta lagen g\u00e5r vidare till semifinaler och final. Vid behov spelas s\u00e4rspel. Bana 1 lives\u00e4nds. &nbsp; &nbsp;<\/p>\n","protected":false},"author":2,"featured_media":0,"parent":0,"menu_order":0,"comment_status":"closed","ping_status":"closed","template":"","meta":[],"_links":{"self":[{"href":"https:\/\/goteborgcurling.se\/mixeddubbel\/wp-json\/wp\/v2\/pages\/9"}],"collection":[{"href":"https:\/\/goteborgcurling.se\/mixeddubbel\/wp-json\/wp\/v2\/pages"}],"about":[{"href":"https:\/\/goteborgcurling.se\/mixeddubbel\/wp-json\/wp\/v2\/types\/page"}],"author":[{"embeddable":true,"href":"https:\/\/goteborgcurling.se\/mixeddubbel\/wp-json\/wp\/v2\/users\/2"}],"replies":[{"embeddable":true,"href":"https:\/\/goteborgcurling.se\/mixeddubbel\/wp-json\/wp\/v2\/comments?post=9"}],"version-history":[{"count":20,"href":"https:\/\/goteborgcurling.se\/mixeddubbel\/wp-json\/wp\/v2\/pages\/9\/revisions"}],"predecessor-version":[{"id":299,"href":"https:\/\/goteborgcurling.se\/mixeddubbel\/wp-json\/wp\/v2\/pages\/9\/revisions\/299"}],"wp:attachment":[{"href":"https:\/\/goteborgcurling.se\/mixeddubbel\/wp-json\/wp\/v2\/media?parent=9"}],"curies":[{"name":"wp","href":"https:\/\/api.w.org\/{rel}","templated":true}]}}